{"id":15528,"date":"2020-03-30T23:26:11","date_gmt":"2020-03-30T23:26:11","guid":{"rendered":"http:\/\/en.lanyard.istanbul\/?page_id=15528"},"modified":"2021-01-31T23:05:43","modified_gmt":"2021-01-31T23:05:43","slug":"faq","status":"publish","type":"page","link":"https:\/\/lanyard.istanbul\/en\/faq\/","title":{"rendered":"FAQ"},"content":{"rendered":"<div class=\"wpb-content-wrapper\"><p>[vc_row][vc_column][vc_column_text]<!--more--><\/p><p>&nbsp;<\/p><h2 class=\"wp-block-heading\">Frequently Asked Questions<\/h2>\r\n<p>[\/vc_column_text][vc_accordion][vc_accordion_tab title=&#8221;G\u00f6rsel&#8221;][vc_column_text]<\/p>\r\n<p><span style=\"font-family: calibri; font-size: 12pt;\">Boyun kordonunuz \u00fczerinde yer alacak grafik \u00e7al\u0131\u015fma\u2026<\/span><br \/><span style=\"font-family: calibri; font-size: 12pt;\">Sipari\u015finizi vermeden \u00f6nce \u00fcr\u00fcnde yer almas\u0131n\u0131 istedi\u011finiz g\u00f6rsel \u00e7al\u0131\u015fman\u0131z\u0131 g\u00f6nderirsiniz.<\/span><br \/><span style=\"font-family: calibri; font-size: 12pt;\">Logonuzu ve\/veya yaz\u0131lmas\u0131n\u0131 istedi\u011finiz metni boyun kordonuna e\u015fit aral\u0131klarla ve ard\u0131\u015f\u0131k bi\u00e7imde yerle\u015ftiririz.<\/span><br \/><span style=\"font-family: calibri; font-size: 12pt;\">Nihai sipari\u015finizi size g\u00f6nderece\u011fimiz numuneyi konfirme ettikten sonra ger\u00e7ekle\u015ftirirsiniz.<\/span><br \/><span style=\"font-family: calibri; font-size: 12pt;\">G\u00f6rsel \u00e7al\u0131\u015fmalar\u0131n\u0131z\u0131 bize a\u015fa\u011f\u0131daki formatlarda g\u00f6nderebilirsiniz: <\/span><\/p>\r\n<p><strong>.ai , .cdr, .pdf<\/strong><\/p>\r\n<p>[\/vc_column_text][\/vc_accordion_tab][vc_accordion_tab title=&#8221;Renkler&#8221;][vc_column_text]<\/p>\r\n<p><span style=\"font-family: calibri; font-size: 12pt;\">Boyun kordonunuzun rengini belirlerken\u2026<\/span> <span style=\"font-family: calibri; font-size: 12pt;\">Boyun kordonunuzun rengini belirlerken standart bir renk e\u015fle\u015fmesi sunan Pantone Renk Skalas\u0131\u2019n\u0131 kullan\u0131r\u0131z.<\/span> <span style=\"font-family: calibri; font-size: 12pt;\">Pantone renkleriyle ilgili yeterli bilgi sahibi de\u011filseniz bile, e\u015fle\u015ftirmek istedi\u011finiz rengi bize g\u00f6ndermeniz yeterli olacakt\u0131r.<\/span> <span style=\"font-family: calibri; font-size: 12pt;\">Bilgisayar\u0131n\u0131z\u0131n ekran\u0131ndaki renklerle ger\u00e7ek hayattaki renklerin monit\u00f6r renk kalibrasyonuna ba\u011fl\u0131 olarak farkl\u0131l\u0131klar g\u00f6sterebilece\u011fini l\u00fctfen unutmay\u0131n\u0131z.<\/span><\/p>\r\n<p>[\/vc_column_text][\/vc_accordion_tab][vc_accordion_tab title=&#8221;Teslimat&#8221;][vc_column_text]<\/p>\r\n<p><span style=\"font-family: calibri; font-size: 12pt;\">H\u0131zl\u0131 ve adresinize teslimat\u2026<\/span> <span style=\"font-family: calibri; font-size: 12pt;\">Sipari\u015flerinizi ortalama 1-5 i\u015fg\u00fcn\u00fc i\u00e7erisinde adresinize teslim ederiz.<\/span> <span style=\"font-family: calibri; font-size: 12pt;\">Bu s\u00fcreci belirleyen en \u00f6nemli fakt\u00f6r\u00fcn sipari\u015f adediniz oldu\u011funu l\u00fctfen unutmay\u0131n\u0131z.<\/span> <span style=\"font-family: calibri; font-size: 12pt;\">T\u00fcrkiye s\u0131n\u0131rlar\u0131 i\u00e7inde verece\u011finiz sipari\u015flerinizde \u00fcr\u00fcn teslimat\u0131nda nakliye bedeli \u00f6demezsiniz.<\/span><\/p>\r\n<p>[\/vc_column_text][\/vc_accordion_tab][vc_accordion_tab title=&#8221;Tasar\u0131m&#8221;][vc_column_text]<span style=\"font-family: calibri; font-size: 12pt;\">Se\u00e7eneklerinizi daha rahat g\u00f6rebilmeniz amac\u0131yla boyun kordonlar\u0131m\u0131z\u0131, dokular\u0131na g\u00f6re be\u015f farkl\u0131 t\u00fcrde s\u0131n\u0131fland\u0131rd\u0131k:<\/span><br \/><span style=\"font-family: calibri; font-size: 12pt;\">STN \u2013 Yumu\u015fak ve p\u00fcr\u00fcss\u00fcz y\u00fczeyli, s\u0131k dokunmu\u015f dokuma \u00e7e\u015fidimizdir.<\/span><br \/><span style=\"font-family: calibri; font-size: 12pt;\">GRG \u2013 Dokusunda enine \u00e7izgileri olan, s\u0131k dokunmu\u015f dokuma \u00e7e\u015fidimizdir.<\/span><br \/><span style=\"font-family: calibri; font-size: 12pt;\">TRS \u2013 Dokusunda \u00e7aprazlama \u00e7izgileri olan, seyrek dokunmu\u015f, yar\u0131 esnek dokuma \u00e7e\u015fidimizdir.<\/span><br \/><span style=\"font-family: calibri; font-size: 12pt;\">CRP \u2013 Dokusunda diagonal \u00e7izgileri olan, s\u0131k dokunmu\u015f, t\u00fcbuler dokuma \u00e7e\u015fidimizdir.<\/span><br \/><span style=\"font-family: calibri;\"><span style=\"font-size: 16px;\">HGS <span style=\"font-family: calibri; font-size: 12pt;\">\u2013<\/span> <span style=\"font-family: calibri; font-size: 12pt;\">Yumu\u015fak ve p\u00fcr\u00fcss\u00fcz y\u00fczeyli, s\u0131k dokunmu\u015f, ekstra parlak dokuma \u00e7e\u015fidimizdir.<\/span><\/span><\/span><\/p>\r\n<p><span style=\"font-family: calibri; font-size: 12pt;\">Boyun kordonu bir u\u00e7tan di\u011ferine yakla\u015f\u0131k 890mm dir. Belirleyece\u011finiz g\u00f6rsel \u00e7al\u0131\u015fma \u00fcr\u00fcn boyunca e\u015fit aral\u0131klarla ard\u0131\u015f\u0131k bi\u00e7imde yer alacakt\u0131r. \u00dcr\u00fcn\u00fcn dokusuna, \u00fczerinde kullan\u0131lacak bask\u0131 tekni\u011fine ve eninin \u00f6l\u00e7\u00fcs\u00fcne siz karar <\/span><span style=\"font-family: calibri; font-size: 12pt;\">verirsiniz. Boyun kordonuna, \u00e7ekilme, s\u0131k\u0131\u015fma gibi acil ve istenmeyen durumlarda <\/span><span style=\"font-family: calibri; font-size: 12pt;\">kolayca a\u00e7\u0131labilen ve yaralanmalar\u0131 \u00f6nleyici nitelikteki opsiyonel g\u00fcvenlik kilidi eklenebilir.<\/span>[\/vc_column_text][\/vc_accordion_tab][\/vc_accordion][vc_column_text]<\/p>\r\n<h1><span style=\"font-family: calibri;\">S\u00f6zle\u015fme Ko\u015fullar\u0131m\u0131z<\/span><\/h1>\r\n<p><span style=\"font-family: calibri; font-size: 12pt;\">M\u00fc\u015fterilerimizle olan ticari ili\u015fkilerimizi ba\u015fka herhangi bir yaz\u0131l\u0131 anla\u015fma yapmad\u0131\u011f\u0131m\u0131z durumlarda \u00f6ncelikli olarak a\u015fa\u011f\u0131daki \u015fartlar belirler:<\/span><\/p>\r\n<p>[\/vc_column_text][vc_accordion][vc_accordion_tab title=&#8221;ORDER&#8221;][vc_column_text]<\/p>\r\n<p><span style=\"font-family: calibri; font-size: 12pt;\">M\u00fc\u015fterilerimiz taraf\u0131ndan telefon veya e-posta arac\u0131l\u0131\u011f\u0131yla aktar\u0131lan verilerin ve g\u00f6nderilen sipari\u015flerin Lanyard \u0130stanbul a\u00e7\u0131s\u0131ndan ba\u011flay\u0131c\u0131l\u0131k h\u00fckm\u00fc yoktur.<\/span><br \/><span style=\"font-family: calibri; font-size: 12pt;\">Sipari\u015f, m\u00fc\u015fterinin antetli ka\u011f\u0131d\u0131na ka\u015feli olarak, ofis yaz\u0131\u015fmas\u0131 \u015feklinde yap\u0131ld\u0131\u011f\u0131nda ba\u011flay\u0131c\u0131l\u0131k arzedecektir. Lanyard \u0130stanbul, web sitesinde, kataloglar\u0131nda veya fiyat listelerinde yeralan fiyatlar\u0131 \u00f6nceden haber vermeden de\u011fi\u015ftirebilme hakk\u0131na sahiptir.<\/span><\/p>\r\n<p>[\/vc_column_text][\/vc_accordion_tab][vc_accordion_tab title=&#8221;\u00d6deme&#8221;][vc_column_text]<\/p>\r\n<p><span style=\"font-family: calibri; font-size: 12pt;\">Lanyard \u0130stanbul, \u00f6n \u00f6demesi ger\u00e7ekle\u015fmemi\u015f veya \u00f6n \u00f6demesi \u00e7ek ile yap\u0131lm\u0131\u015f sipari\u015flerde \u00e7ek tutar\u0131 tahsil edilemedi\u011finde sipari\u015flerin \u00fcretimine ba\u015flamama hakk\u0131na sahiptir. \u00d6n \u00f6deme yap\u0131ld\u0131ktan sonra m\u00fc\u015fterinin hi\u00e7bir durumda sipari\u015finden vazge\u00e7me, \u00f6n \u00f6demesinin iadesini talep etme hakk\u0131 yoktur. Sipari\u015f edilen \u00fcr\u00fcnlerin tamam\u0131n\u0131n \u00fcretimi tamamlanm\u0131\u015f ise m\u00fc\u015fteri kalan bakiyeyi de \u00f6demekle m\u00fckelleftir.<\/span><\/p>\r\n<p>[\/vc_column_text][\/vc_accordion_tab][vc_accordion_tab title=&#8221;Nakliye ve Teslimat&#8221;][vc_column_text]<\/p>\r\n<p><span style=\"font-family: calibri; font-size: 12pt;\">Aksi belirtilmedik\u00e7e \u00fcr\u00fcnlerin nakliyesinde do\u011fabilecek riskler m\u00fc\u015fterinin sorumlulu\u011fundad\u0131r. M\u00fc\u015fteri, \u00fcr\u00fcnler kendisine teslim edildi\u011finde \u00fcr\u00fcnlerde eksiklik, kusur veya hasar durumu bulunup bulunmad\u0131\u011f\u0131n\u0131 nakliye memuru nezdinde tespit etmelidir.Sevk irsaliyesini \u2018\u2019\u00dcr\u00fcnleri tam ve eksiksiz olarak teslim ald\u0131m\u2019\u2019 \u015feklinde imzalam\u0131\u015f m\u00fc\u015fteri, daha sonra \u00fcr\u00fcnlerin eksik veya kusurlu oldu\u011funa dair hi\u00e7bir hak iddia edemez. Sevk irsaliyesindeki imzan\u0131n m\u00fc\u015fterinin \u00e7al\u0131\u015fan\u0131 veya acentas\u0131 olmas\u0131 durumu de\u011fi\u015ftirmez.<\/span><\/p>\r\n<p>[\/vc_column_text][\/vc_accordion_tab][vc_accordion_tab title=&#8221;Depolama&#8221;][vc_column_text]<\/p>\r\n<p><span style=\"font-family: calibri; font-size: 12pt;\">\u00dcr\u00fcnler tamamlan\u0131p nakliyeye haz\u0131r oldu\u011funda m\u00fc\u015fteri herhangi bir sebeple \u00fcr\u00fcnleri teslim almay\u0131 veya \u00fcr\u00fcnlerin kendi adresinde teslim edilmesini reddederse, Lanyard \u0130stanbul \u00fcr\u00fcnleri\u00a0 depolamakla sorumlu tutulamaz.M\u00fc\u015fterinin talebi ve sorumlulu\u011fu do\u011frultusunda Lanyard \u0130stanbul \u00fcr\u00fcnleri belli bir \u00fccret mukabili sigortalatt\u0131rabilir.<\/span><\/p>\r\n<p>[\/vc_column_text][\/vc_accordion_tab][vc_accordion_tab title=&#8221;Grafik \u00c7al\u0131\u015fmas\u0131&#8221;][vc_column_text]<\/p>\r\n<p><span style=\"font-family: calibri; font-size: 12pt;\">M\u00fc\u015fterinin g\u00f6nderece\u011fi veya yap\u0131lmas\u0131n\u0131 isteyece\u011fi grafik \u00e7al\u0131\u015fma, m\u00fc\u015fteriye sipari\u015fi \u00f6ncesinde \u2018\u2019Nihai Tasar\u0131m Kan\u0131t\u0131\u2019\u2019 \u015feklinde sunulacakt\u0131r. M\u00fc\u015fterinin tasar\u0131m kan\u0131t\u0131n\u0131 onaylamas\u0131 ve \u00f6n \u00f6demesini yapmas\u0131 ile birlikte sipari\u015f o tasar\u0131m ile kesinlik kazan\u0131r.M\u00fc\u015fteri hi\u00e7bir \u015fekil \u015fartta grafik tasar\u0131mda de\u011fi\u015fiklik yap\u0131lmas\u0131n\u0131 isteyemez. Lanyard \u0130stanbul m\u00fc\u015fteri onayl\u0131 tasar\u0131m kan\u0131t\u0131 \u00fczerinde grafik, metin, varsa di\u011fer hatalar\u0131 d\u00fczeltmekle sorumlu tutulamaz.<\/span> <span style=\"font-family: calibri; font-size: 12pt;\">Lanyard \u0130stanbul, \u00fcretim metoduna uygun olmayabilecek herhangi bir grafik tasar\u0131m\u0131 reddetme ve \u00fcretmeme hakk\u0131n\u0131 sakl\u0131 tutar.<\/span><\/p>\r\n<p>[\/vc_column_text][\/vc_accordion_tab][vc_accordion_tab title=&#8221;Tazminat&#8221;][vc_column_text]<\/p>\r\n<p>M\u00fc\u015fteri, \u00fcr\u00fcnde kullan\u0131lacak g\u00f6rsel \u00e7al\u0131\u015fma ile ilgili t\u00fcm telif haklar\u0131na ve gerekli kullan\u0131m iznine haiz oldu\u011funu garanti etmelidir. Lanyard \u0130stanbul, \u00fcr\u00fcnde yer alan grafik \u00e7al\u0131\u015fma dolay\u0131s\u0131yla ihlal edilebilecek her nevi telif haklar\u0131ndan do\u011fan sorumlulu\u011fu \u00fczerine almay\u0131 reddetme hakk\u0131na sahiptir.M\u00fc\u015fteri, kullan\u0131lmas\u0131n\u0131 istedi\u011fi g\u00f6rsel \u00e7al\u0131\u015fman\u0131n T\u00fcrkiye\u2019de \u00fc\u00e7\u00fcnc\u00fc \u015fah\u0131slar\u0131 karalamayan, patent, marka ve telif haklar\u0131n\u0131 ihlal etmeyen nitelikte oldu\u011funu garanti etmekle m\u00fckelleftir. M\u00fc\u015fteri, kendi kusuru veya art niyetinden kaynaklanan muhtemel patent, marka ve telif haklar\u0131 ihlali dolay\u0131s\u0131yla do\u011fabilecek her nevi yaz\u0131l\u0131 iftira, karalama kampanyas\u0131, tazminat sonucu do\u011furacak dava gibi neticelerde Lanyard \u0130stanbul\u2019un kar\u015f\u0131la\u015fabilece\u011fi her t\u00fcrl\u00fc yapt\u0131r\u0131m\u0131 maddi ve manevi tazmin etmekle m\u00fckelleftir.<\/p>\r\n<p>[\/vc_column_text][\/vc_accordion_tab][vc_accordion_tab title=&#8221;Fazla veya Eksik Tedarik&#8221;][vc_column_text]<\/p>\r\n<p><span style=\"font-family: calibri; font-size: 12pt;\">Lanyard \u0130stanbul, sipari\u015f edilen adedin %5\u2019i oran\u0131nda fazla veya eksik \u00fcr\u00fcn tedarik etme hakk\u0131n\u0131 sakl\u0131 tutar. Eksik say\u0131da \u00fcr\u00fcn tedari\u011fi, toplam fatura bedelinden iskonto edilirken; fazla say\u0131da \u00fcr\u00fcn tedari\u011fi m\u00fc\u015fteriye fatura edilecektir.<\/span><\/p>\r\n<p>[\/vc_column_text][\/vc_accordion_tab][vc_accordion_tab title=&#8221;Sorumluluk&#8221;][vc_column_text]<\/p>\r\n<p><span style=\"font-family: calibri; font-size: 12pt;\">Yukar\u0131daki ko\u015ful ve \u015fartlarda meydana gelebilecek bir uygunsuzluk veya beklenmeyen durum neticesine ba\u011fl\u0131 olarak m\u00fc\u015fterinin u\u011frayabilece\u011fi zarardan Lanyard \u0130stanbul sorumlu tutulamaz.<\/span><\/p>\r\n<p>[\/vc_column_text][\/vc_accordion_tab][vc_accordion_tab title=&#8221;Fors Maj\u00f6r&#8221;][vc_column_text]<\/p>\r\n<p><span style=\"font-family: calibri; font-size: 12pt;\">Lanyard \u0130stanbul, yukar\u0131daki s\u00f6zle\u015fmeden do\u011fan t\u00fcm y\u00fck\u00fcml\u00fcl\u00fcklerini iyi niyetle, eksiksiz olarak yerine getirme \u00e7abas\u0131nda iken kendi sorumlulu\u011fu d\u0131\u015f\u0131nda do\u011fabilecek herhangi olumsuz ko\u015ful veya m\u00fccbir sebepten kaynaklanabilecek hata veya gecikme dolay\u0131s\u0131yla sorumlu tutulamaz.<\/span><\/p>\r\n<p>[\/vc_column_text][\/vc_accordion_tab][vc_accordion_tab title=&#8221;\u015eikayet&#8221;][vc_column_text]<\/p>\r\n<p><span style=\"font-family: calibri; font-size: 12pt;\">M\u00fc\u015fteri, t\u00fcm \u015fikayetlerini \u00fcr\u00fcn tesliminden itibaren en ge\u00e7 5 g\u00fcn i\u00e7erisinde Lanyard \u0130stanbul, \u0130stanbul Tekstil ve Promosyon \u00dcr\u00fcnleri San. Tic. Ltd. \u015eti. Kirazl\u0131 Caddesi Sanayi Sokak Zaza Han No:50\/A 34540 G\u00fcne\u015fli \u0130stanbul T\u00fcrkiye adresine yaz\u0131l\u0131 olarak yapmal\u0131d\u0131r.<\/span><\/p>\r\n<p>[\/vc_column_text][\/vc_accordion_tab][\/vc_accordion][\/vc_column][\/vc_row]<\/p><\/div>","protected":false},"excerpt":{"rendered":"<p>[vc_row][vc_column][vc_column_text]<\/p>\n","protected":false},"author":1,"featured_media":0,"parent":0,"menu_order":0,"comment_status":"closed","ping_status":"closed","template":"","meta":{"footnotes":""},"class_list":["post-15528","page","type-page","status-publish","hentry"],"yoast_head":"<!-- This site is optimized with the Yoast SEO plugin v23.3 - https:\/\/yoast.com\/wordpress\/plugins\/seo\/ -->\n<title>FAQ | Lanyard Istanbul<\/title>\n<meta name=\"robots\" content=\"index, follow, max-snippet:-1, max-image-preview:large, max-video-preview:-1\" \/>\n<link rel=\"canonical\" href=\"https:\/\/lanyard.istanbul\/en\/faq\/\" \/>\n<meta property=\"og:locale\" content=\"en_US\" \/>\n<meta property=\"og:type\" content=\"article\" \/>\n<meta property=\"og:title\" content=\"FAQ | Lanyard Istanbul\" \/>\n<meta property=\"og:description\" content=\"[vc_row][vc_column][vc_column_text]\" \/>\n<meta property=\"og:url\" content=\"https:\/\/lanyard.istanbul\/en\/faq\/\" \/>\n<meta property=\"og:site_name\" content=\"Lanyard Istanbul\" \/>\n<meta property=\"article:modified_time\" content=\"2021-01-31T23:05:43+00:00\" \/>\n<meta name=\"twitter:card\" content=\"summary_large_image\" \/>\n<meta name=\"twitter:label1\" content=\"Est. reading time\" \/>\n\t<meta name=\"twitter:data1\" content=\"7 minutes\" \/>\n<script type=\"application\/ld+json\" class=\"yoast-schema-graph\">{\"@context\":\"https:\/\/schema.org\",\"@graph\":[{\"@type\":\"WebPage\",\"@id\":\"https:\/\/lanyard.istanbul\/en\/faq\/\",\"url\":\"https:\/\/lanyard.istanbul\/en\/faq\/\",\"name\":\"FAQ | Lanyard Istanbul\",\"isPartOf\":{\"@id\":\"https:\/\/lanyard.istanbul\/en\/#website\"},\"datePublished\":\"2020-03-30T23:26:11+00:00\",\"dateModified\":\"2021-01-31T23:05:43+00:00\",\"breadcrumb\":{\"@id\":\"https:\/\/lanyard.istanbul\/en\/faq\/#breadcrumb\"},\"inLanguage\":\"en-US\",\"potentialAction\":[{\"@type\":\"ReadAction\",\"target\":[\"https:\/\/lanyard.istanbul\/en\/faq\/\"]}]},{\"@type\":\"BreadcrumbList\",\"@id\":\"https:\/\/lanyard.istanbul\/en\/faq\/#breadcrumb\",\"itemListElement\":[{\"@type\":\"ListItem\",\"position\":1,\"name\":\"Home\",\"item\":\"https:\/\/lanyard.istanbul\/en\/\"},{\"@type\":\"ListItem\",\"position\":2,\"name\":\"FAQ\"}]},{\"@type\":\"WebSite\",\"@id\":\"https:\/\/lanyard.istanbul\/en\/#website\",\"url\":\"https:\/\/lanyard.istanbul\/en\/\",\"name\":\"Lanyard Istanbul\",\"description\":\"lanyard.istanbul\",\"potentialAction\":[{\"@type\":\"SearchAction\",\"target\":{\"@type\":\"EntryPoint\",\"urlTemplate\":\"https:\/\/lanyard.istanbul\/en\/?s={search_term_string}\"},\"query-input\":\"required name=search_term_string\"}],\"inLanguage\":\"en-US\"}]}<\/script>\n<!-- \/ Yoast SEO plugin. -->","yoast_head_json":{"title":"FAQ | Lanyard Istanbul","robots":{"index":"index","follow":"follow","max-snippet":"max-snippet:-1","max-image-preview":"max-image-preview:large","max-video-preview":"max-video-preview:-1"},"canonical":"https:\/\/lanyard.istanbul\/en\/faq\/","og_locale":"en_US","og_type":"article","og_title":"FAQ | Lanyard Istanbul","og_description":"[vc_row][vc_column][vc_column_text]","og_url":"https:\/\/lanyard.istanbul\/en\/faq\/","og_site_name":"Lanyard Istanbul","article_modified_time":"2021-01-31T23:05:43+00:00","twitter_card":"summary_large_image","twitter_misc":{"Est. reading time":"7 minutes"},"schema":{"@context":"https:\/\/schema.org","@graph":[{"@type":"WebPage","@id":"https:\/\/lanyard.istanbul\/en\/faq\/","url":"https:\/\/lanyard.istanbul\/en\/faq\/","name":"FAQ | Lanyard Istanbul","isPartOf":{"@id":"https:\/\/lanyard.istanbul\/en\/#website"},"datePublished":"2020-03-30T23:26:11+00:00","dateModified":"2021-01-31T23:05:43+00:00","breadcrumb":{"@id":"https:\/\/lanyard.istanbul\/en\/faq\/#breadcrumb"},"inLanguage":"en-US","potentialAction":[{"@type":"ReadAction","target":["https:\/\/lanyard.istanbul\/en\/faq\/"]}]},{"@type":"BreadcrumbList","@id":"https:\/\/lanyard.istanbul\/en\/faq\/#breadcrumb","itemListElement":[{"@type":"ListItem","position":1,"name":"Home","item":"https:\/\/lanyard.istanbul\/en\/"},{"@type":"ListItem","position":2,"name":"FAQ"}]},{"@type":"WebSite","@id":"https:\/\/lanyard.istanbul\/en\/#website","url":"https:\/\/lanyard.istanbul\/en\/","name":"Lanyard Istanbul","description":"lanyard.istanbul","potentialAction":[{"@type":"SearchAction","target":{"@type":"EntryPoint","urlTemplate":"https:\/\/lanyard.istanbul\/en\/?s={search_term_string}"},"query-input":"required name=search_term_string"}],"inLanguage":"en-US"}]}},"_links":{"self":[{"href":"https:\/\/lanyard.istanbul\/en\/wp-json\/wp\/v2\/pages\/15528"}],"collection":[{"href":"https:\/\/lanyard.istanbul\/en\/wp-json\/wp\/v2\/pages"}],"about":[{"href":"https:\/\/lanyard.istanbul\/en\/wp-json\/wp\/v2\/types\/page"}],"author":[{"embeddable":true,"href":"https:\/\/lanyard.istanbul\/en\/wp-json\/wp\/v2\/users\/1"}],"replies":[{"embeddable":true,"href":"https:\/\/lanyard.istanbul\/en\/wp-json\/wp\/v2\/comments?post=15528"}],"version-history":[{"count":6,"href":"https:\/\/lanyard.istanbul\/en\/wp-json\/wp\/v2\/pages\/15528\/revisions"}],"predecessor-version":[{"id":16377,"href":"https:\/\/lanyard.istanbul\/en\/wp-json\/wp\/v2\/pages\/15528\/revisions\/16377"}],"wp:attachment":[{"href":"https:\/\/lanyard.istanbul\/en\/wp-json\/wp\/v2\/media?parent=15528"}],"curies":[{"name":"wp","href":"https:\/\/api.w.org\/{rel}","templated":true}]}}